{"id":1039,"date":"2019-06-30T17:39:43","date_gmt":"2019-06-30T17:39:43","guid":{"rendered":"http:\/\/www.aline.rs\/?post_type=product&#038;p=1039"},"modified":"2022-11-21T13:51:26","modified_gmt":"2022-11-21T13:51:26","slug":"paket-za-skiciranje","status":"publish","type":"product","link":"https:\/\/www.worldofaline.com\/sr\/proizvod\/paket-za-skiciranje\/","title":{"rendered":"Paket za skiciranje"},"content":{"rendered":"<div data-elementor-type=\"wp-post\" data-elementor-id=\"1039\" class=\"elementor elementor-1039\">\n\t\t\t\t\t\t<section class=\"elementor-section elementor-top-section elementor-element elementor-element-b58dabd elementor-section-boxed elementor-section-height-default elementor-section-height-default\" data-id=\"b58dabd\" data-element_type=\"section\" data-e-type=\"section\">\n\t\t\t\t\t\t<div class=\"elementor-container elementor-column-gap-default\">\n\t\t\t\t\t<div class=\"elementor-column elementor-col-100 elementor-top-column elementor-element elementor-element-540ac93e\" data-id=\"540ac93e\" data-element_type=\"column\" data-e-type=\"column\">\n\t\t\t<div class=\"elementor-widget-wrap elementor-element-populated\">\n\t\t\t\t\t\t<div class=\"elementor-element elementor-element-2c0dc09b elementor-widget elementor-widget-text-editor\" data-id=\"2c0dc09b\" data-element_type=\"widget\" data-e-type=\"widget\" data-widget_type=\"text-editor.default\">\n\t\t\t\t<div class=\"elementor-widget-container\">\n\t\t\t\t\t\t\t\t\tA line Paket za skiciranje osmi\u0161ljen je kao proizvod u kome Vam sve va\u0161e kreacije uvek mogu biti pri ruci. Nudi Vam mogu\u0107nost jednostavnog vi\u0161estrukog skiciranja na 84 gotove figure u okviru kojih sve va\u0161e ideje za kreacije mo\u017eete preneti na papir.\t\t\t\t\t\t\t\t<\/div>\n\t\t\t\t<\/div>\n\t\t\t\t\t<\/div>\n\t\t<\/div>\n\t\t\t\t\t<\/div>\n\t\t<\/section>\n\t\t\t\t<section class=\"elementor-section elementor-top-section elementor-element elementor-element-bf933cc elementor-section-boxed elementor-section-height-default elementor-section-height-default\" data-id=\"bf933cc\" data-element_type=\"section\" data-e-type=\"section\">\n\t\t\t\t\t\t<div class=\"elementor-container elementor-column-gap-default\">\n\t\t\t\t\t<div class=\"elementor-column elementor-col-100 elementor-top-column elementor-element elementor-element-62e0242\" data-id=\"62e0242\" data-element_type=\"column\" data-e-type=\"column\">\n\t\t\t<div class=\"elementor-widget-wrap elementor-element-populated\">\n\t\t\t\t\t\t<div class=\"elementor-element elementor-element-4bf86ca elementor-widget elementor-widget-video\" data-id=\"4bf86ca\" data-element_type=\"widget\" data-e-type=\"widget\" data-settings=\"{&quot;youtube_url&quot;:&quot;https:\\\/\\\/www.youtube.com\\\/watch?v=BFi4mGnK_h0&quot;,&quot;video_type&quot;:&quot;youtube&quot;,&quot;controls&quot;:&quot;yes&quot;}\" data-widget_type=\"video.default\">\n\t\t\t\t<div class=\"elementor-widget-container\">\n\t\t\t\t\t\t\t<div class=\"elementor-wrapper elementor-open-inline\">\n\t\t\t<div class=\"elementor-video\"><\/div>\t\t<\/div>\n\t\t\t\t\t\t<\/div>\n\t\t\t\t<\/div>\n\t\t\t\t\t<\/div>\n\t\t<\/div>\n\t\t\t\t\t<\/div>\n\t\t<\/section>\n\t\t\t\t<section class=\"elementor-section elementor-top-section elementor-element elementor-element-1368c8f elementor-section-boxed elementor-section-height-default elementor-section-height-default\" data-id=\"1368c8f\" data-element_type=\"section\" data-e-type=\"section\">\n\t\t\t\t\t\t<div class=\"elementor-container elementor-column-gap-default\">\n\t\t\t\t\t<div class=\"elementor-column elementor-col-33 elementor-top-column elementor-element elementor-element-ebe7e1a\" data-id=\"ebe7e1a\" data-element_type=\"column\" data-e-type=\"column\">\n\t\t\t<div class=\"elementor-widget-wrap elementor-element-populated\">\n\t\t\t\t\t\t<div class=\"elementor-element elementor-element-dae7691 elementor-widget elementor-widget-image\" data-id=\"dae7691\" data-element_type=\"widget\" data-e-type=\"widget\" data-widget_type=\"image.default\">\n\t\t\t\t<div class=\"elementor-widget-container\">\n\t\t\t\t\t\t\t\t\t\t\t\t\t\t\t<img fetchpriority=\"high\" decoding=\"async\" width=\"600\" height=\"600\" src=\"https:\/\/www.worldofaline.com\/wp-content\/uploads\/2019\/06\/Webp.net-compress-image1-600x600.jpg\" class=\"attachment-woocommerce_thumbnail size-woocommerce_thumbnail wp-image-1080\" alt=\"\" srcset=\"https:\/\/www.worldofaline.com\/wp-content\/uploads\/2019\/06\/Webp.net-compress-image1-600x600.jpg 600w, https:\/\/www.worldofaline.com\/wp-content\/uploads\/2019\/06\/Webp.net-compress-image1-150x150.jpg 150w, https:\/\/www.worldofaline.com\/wp-content\/uploads\/2019\/06\/Webp.net-compress-image1-100x100.jpg 100w\" sizes=\"(max-width: 600px) 100vw, 600px\" \/>\t\t\t\t\t\t\t\t\t\t\t\t\t\t\t<\/div>\n\t\t\t\t<\/div>\n\t\t\t\t\t<\/div>\n\t\t<\/div>\n\t\t\t\t<div class=\"elementor-column elementor-col-33 elementor-top-column elementor-element elementor-element-a5bceaf\" data-id=\"a5bceaf\" data-element_type=\"column\" data-e-type=\"column\">\n\t\t\t<div class=\"elementor-widget-wrap elementor-element-populated\">\n\t\t\t\t\t\t<div class=\"elementor-element elementor-element-a7b6deb elementor-widget elementor-widget-image\" data-id=\"a7b6deb\" data-element_type=\"widget\" data-e-type=\"widget\" data-widget_type=\"image.default\">\n\t\t\t\t<div class=\"elementor-widget-container\">\n\t\t\t\t\t\t\t\t\t\t\t\t\t\t\t<img decoding=\"async\" width=\"1024\" height=\"1024\" src=\"https:\/\/www.worldofaline.com\/wp-content\/uploads\/2019\/06\/panel_3-1-1024x1024.jpg\" class=\"attachment-large size-large wp-image-1043\" alt=\"\" srcset=\"https:\/\/www.worldofaline.com\/wp-content\/uploads\/2019\/06\/panel_3-1-1024x1024.jpg 1024w, https:\/\/www.worldofaline.com\/wp-content\/uploads\/2019\/06\/panel_3-1-600x600.jpg 600w, https:\/\/www.worldofaline.com\/wp-content\/uploads\/2019\/06\/panel_3-1-150x150.jpg 150w, https:\/\/www.worldofaline.com\/wp-content\/uploads\/2019\/06\/panel_3-1-300x300.jpg 300w, https:\/\/www.worldofaline.com\/wp-content\/uploads\/2019\/06\/panel_3-1-768x768.jpg 768w, https:\/\/www.worldofaline.com\/wp-content\/uploads\/2019\/06\/panel_3-1-100x100.jpg 100w, https:\/\/www.worldofaline.com\/wp-content\/uploads\/2019\/06\/panel_3-1.jpg 1920w\" sizes=\"(max-width: 1024px) 100vw, 1024px\" \/>\t\t\t\t\t\t\t\t\t\t\t\t\t\t\t<\/div>\n\t\t\t\t<\/div>\n\t\t\t\t\t<\/div>\n\t\t<\/div>\n\t\t\t\t<div class=\"elementor-column elementor-col-33 elementor-top-column elementor-element elementor-element-c11ddaf\" data-id=\"c11ddaf\" data-element_type=\"column\" data-e-type=\"column\">\n\t\t\t<div class=\"elementor-widget-wrap elementor-element-populated\">\n\t\t\t\t\t\t<div class=\"elementor-element elementor-element-5f45e87 elementor-widget elementor-widget-image\" data-id=\"5f45e87\" data-element_type=\"widget\" data-e-type=\"widget\" data-widget_type=\"image.default\">\n\t\t\t\t<div class=\"elementor-widget-container\">\n\t\t\t\t\t\t\t\t\t\t\t\t\t\t\t<img decoding=\"async\" width=\"1024\" height=\"1024\" src=\"https:\/\/www.worldofaline.com\/wp-content\/uploads\/2019\/06\/panel_8-1024x1024.jpg\" class=\"attachment-large size-large wp-image-1041\" alt=\"\" srcset=\"https:\/\/www.worldofaline.com\/wp-content\/uploads\/2019\/06\/panel_8-1024x1024.jpg 1024w, https:\/\/www.worldofaline.com\/wp-content\/uploads\/2019\/06\/panel_8-600x600.jpg 600w, https:\/\/www.worldofaline.com\/wp-content\/uploads\/2019\/06\/panel_8-150x150.jpg 150w, https:\/\/www.worldofaline.com\/wp-content\/uploads\/2019\/06\/panel_8-300x300.jpg 300w, https:\/\/www.worldofaline.com\/wp-content\/uploads\/2019\/06\/panel_8-768x768.jpg 768w, https:\/\/www.worldofaline.com\/wp-content\/uploads\/2019\/06\/panel_8-100x100.jpg 100w, https:\/\/www.worldofaline.com\/wp-content\/uploads\/2019\/06\/panel_8.jpg 1920w\" sizes=\"(max-width: 1024px) 100vw, 1024px\" \/>\t\t\t\t\t\t\t\t\t\t\t\t\t\t\t<\/div>\n\t\t\t\t<\/div>\n\t\t\t\t\t<\/div>\n\t\t<\/div>\n\t\t\t\t\t<\/div>\n\t\t<\/section>\n\t\t\t\t<section class=\"elementor-section elementor-top-section elementor-element elementor-element-845f36c elementor-section-boxed elementor-section-height-default elementor-section-height-default\" data-id=\"845f36c\" data-element_type=\"section\" data-e-type=\"section\">\n\t\t\t\t\t\t<div class=\"elementor-container elementor-column-gap-default\">\n\t\t\t\t\t<div class=\"elementor-column elementor-col-100 elementor-top-column elementor-element elementor-element-a5d04ef\" data-id=\"a5d04ef\" data-element_type=\"column\" data-e-type=\"column\">\n\t\t\t<div class=\"elementor-widget-wrap elementor-element-populated\">\n\t\t\t\t\t\t<div class=\"elementor-element elementor-element-78e3233 elementor-widget elementor-widget-heading\" data-id=\"78e3233\" data-element_type=\"widget\" data-e-type=\"widget\" data-widget_type=\"heading.default\">\n\t\t\t\t<div class=\"elementor-widget-container\">\n\t\t\t\t\t<h3 class=\"elementor-heading-title elementor-size-default\">Dizajniran za vi\u0161estruko skiciranje<\/h3>\t\t\t\t<\/div>\n\t\t\t\t<\/div>\n\t\t\t\t<div class=\"elementor-element elementor-element-b68660c elementor-widget-divider--view-line elementor-widget elementor-widget-divider\" data-id=\"b68660c\" data-element_type=\"widget\" data-e-type=\"widget\" data-widget_type=\"divider.default\">\n\t\t\t\t<div class=\"elementor-widget-container\">\n\t\t\t\t\t\t\t<div class=\"elementor-divider\">\n\t\t\t<span class=\"elementor-divider-separator\">\n\t\t\t\t\t\t<\/span>\n\t\t<\/div>\n\t\t\t\t\t\t<\/div>\n\t\t\t\t<\/div>\n\t\t\t\t<div class=\"elementor-element elementor-element-d251c5c elementor-widget elementor-widget-text-editor\" data-id=\"d251c5c\" data-element_type=\"widget\" data-e-type=\"widget\" data-widget_type=\"text-editor.default\">\n\t\t\t\t<div class=\"elementor-widget-container\">\n\t\t\t\t\t\t\t\t\t<p>U okviru Paketa za skiciranje, nalazi se 6 samosklopivih papira za kreiranje Va\u0161ih modela. Jednostavno pakovanje i kvalitetne perforirane strane \u0107e Vam omogu\u0107iti zadovoljstvo u stvaranju.<\/p>\t\t\t\t\t\t\t\t<\/div>\n\t\t\t\t<\/div>\n\t\t\t\t\t<\/div>\n\t\t<\/div>\n\t\t\t\t\t<\/div>\n\t\t<\/section>\n\t\t\t\t<section class=\"elementor-section elementor-top-section elementor-element elementor-element-cc97142 elementor-section-stretched elementor-section-full_width elementor-section-height-min-height elementor-section-height-default elementor-section-items-middle\" data-id=\"cc97142\" data-element_type=\"section\" data-e-type=\"section\" data-settings=\"{&quot;stretch_section&quot;:&quot;section-stretched&quot;,&quot;background_background&quot;:&quot;classic&quot;}\">\n\t\t\t\t\t\t\t<div class=\"elementor-background-overlay\"><\/div>\n\t\t\t\t\t\t\t<div class=\"elementor-container elementor-column-gap-default\">\n\t\t\t\t\t<div class=\"elementor-column elementor-col-100 elementor-top-column elementor-element elementor-element-84f5709\" data-id=\"84f5709\" data-element_type=\"column\" data-e-type=\"column\">\n\t\t\t<div class=\"elementor-widget-wrap elementor-element-populated\">\n\t\t\t\t\t\t<div class=\"elementor-element elementor-element-7ec9192 elementor-widget elementor-widget-image\" data-id=\"7ec9192\" data-element_type=\"widget\" data-e-type=\"widget\" data-widget_type=\"image.default\">\n\t\t\t\t<div class=\"elementor-widget-container\">\n\t\t\t\t\t\t\t\t\t\t\t\t\t\t\t<img loading=\"lazy\" decoding=\"async\" width=\"1024\" height=\"663\" src=\"https:\/\/www.worldofaline.com\/wp-content\/uploads\/2019\/06\/thumbnail_Paket-za-skic-Lepeza-slika-1024x663.jpg\" class=\"attachment-large size-large wp-image-1229\" alt=\"\" srcset=\"https:\/\/www.worldofaline.com\/wp-content\/uploads\/2019\/06\/thumbnail_Paket-za-skic-Lepeza-slika-1024x663.jpg 1024w, https:\/\/www.worldofaline.com\/wp-content\/uploads\/2019\/06\/thumbnail_Paket-za-skic-Lepeza-slika-300x194.jpg 300w, https:\/\/www.worldofaline.com\/wp-content\/uploads\/2019\/06\/thumbnail_Paket-za-skic-Lepeza-slika-768x497.jpg 768w, https:\/\/www.worldofaline.com\/wp-content\/uploads\/2019\/06\/thumbnail_Paket-za-skic-Lepeza-slika-600x389.jpg 600w, https:\/\/www.worldofaline.com\/wp-content\/uploads\/2019\/06\/thumbnail_Paket-za-skic-Lepeza-slika.jpg 1280w\" sizes=\"(max-width: 1024px) 100vw, 1024px\" \/>\t\t\t\t\t\t\t\t\t\t\t\t\t\t\t<\/div>\n\t\t\t\t<\/div>\n\t\t\t\t\t<\/div>\n\t\t<\/div>\n\t\t\t\t\t<\/div>\n\t\t<\/section>\n\t\t\t\t<section class=\"elementor-section elementor-top-section elementor-element elementor-element-5edbb9e elementor-section-stretched elementor-section-full_width elementor-section-height-min-height elementor-section-height-default elementor-section-items-middle\" data-id=\"5edbb9e\" data-element_type=\"section\" data-e-type=\"section\" data-settings=\"{&quot;stretch_section&quot;:&quot;section-stretched&quot;,&quot;background_background&quot;:&quot;classic&quot;}\">\n\t\t\t\t\t\t\t<div class=\"elementor-background-overlay\"><\/div>\n\t\t\t\t\t\t\t<div class=\"elementor-container elementor-column-gap-default\">\n\t\t\t\t\t<div class=\"elementor-column elementor-col-100 elementor-top-column elementor-element elementor-element-7207d6a\" data-id=\"7207d6a\" data-element_type=\"column\" data-e-type=\"column\">\n\t\t\t<div class=\"elementor-widget-wrap\">\n\t\t\t\t\t\t\t<\/div>\n\t\t<\/div>\n\t\t\t\t\t<\/div>\n\t\t<\/section>\n\t\t\t\t<\/div>","protected":false},"excerpt":{"rendered":"<ul>\n<li>\u010duva sve Va\u0161e ideje na jednom mestu<\/li>\n<li>idealan za vi\u0161estruko skiciranje<\/li>\n<li>obostrano \u0161tampane figure<\/li>\n<li>84 gotovih figura za crtanje<\/li>\n<li>uvek ga mo\u017eete imati pri ruci<\/li>\n<li>perforirani listovi<\/li>\n<li>tvrdo pakovanje od visokokvalitetnih materijala<\/li>\n<\/ul>","protected":false},"featured_media":977,"template":"","meta":{"ocean_post_layout":"","ocean_both_sidebars_style":"","ocean_both_sidebars_content_width":0,"ocean_both_sidebars_sidebars_width":0,"ocean_sidebar":"0","ocean_second_sidebar":"0","ocean_disable_margins":"enable","ocean_add_body_class":"","ocean_shortcode_before_top_bar":"","ocean_shortcode_after_top_bar":"","ocean_shortcode_before_header":"","ocean_shortcode_after_header":"","ocean_has_shortcode":"","ocean_shortcode_after_title":"","ocean_shortcode_before_footer_widgets":"","ocean_shortcode_after_footer_widgets":"","ocean_shortcode_before_footer_bottom":"","ocean_shortcode_after_footer_bottom":"","ocean_display_top_bar":"default","ocean_display_header":"default","ocean_header_style":"","ocean_center_header_left_menu":"0","ocean_custom_header_template":"0","ocean_custom_logo":0,"ocean_custom_retina_logo":0,"ocean_custom_logo_max_width":0,"ocean_custom_logo_tablet_max_width":0,"ocean_custom_logo_mobile_max_width":0,"ocean_custom_logo_max_height":0,"ocean_custom_logo_tablet_max_height":0,"ocean_custom_logo_mobile_max_height":0,"ocean_header_custom_menu":"0","ocean_menu_typo_font_family":"0","ocean_menu_typo_font_subset":"","ocean_menu_typo_font_size":0,"ocean_menu_typo_font_size_tablet":0,"ocean_menu_typo_font_size_mobile":0,"ocean_menu_typo_font_size_unit":"px","ocean_menu_typo_font_weight":"","ocean_menu_typo_font_weight_tablet":"","ocean_menu_typo_font_weight_mobile":"","ocean_menu_typo_transform":"","ocean_menu_typo_transform_tablet":"","ocean_menu_typo_transform_mobile":"","ocean_menu_typo_line_height":0,"ocean_menu_typo_line_height_tablet":0,"ocean_menu_typo_line_height_mobile":0,"ocean_menu_typo_line_height_unit":"","ocean_menu_typo_spacing":0,"ocean_menu_typo_spacing_tablet":0,"ocean_menu_typo_spacing_mobile":0,"ocean_menu_typo_spacing_unit":"","ocean_menu_link_color":"","ocean_menu_link_color_hover":"","ocean_menu_link_color_active":"","ocean_menu_link_background":"","ocean_menu_link_hover_background":"","ocean_menu_link_active_background":"","ocean_menu_social_links_bg":"","ocean_menu_social_hover_links_bg":"","ocean_menu_social_links_color":"","ocean_menu_social_hover_links_color":"","ocean_disable_title":"on","ocean_disable_heading":"default","ocean_post_title":"","ocean_post_subheading":"","ocean_post_title_style":"","ocean_post_title_background_color":"","ocean_post_title_background":0,"ocean_post_title_bg_image_position":"","ocean_post_title_bg_image_attachment":"","ocean_post_title_bg_image_repeat":"","ocean_post_title_bg_image_size":"","ocean_post_title_height":0,"ocean_post_title_bg_overlay":0.5,"ocean_post_title_bg_overlay_color":"","ocean_disable_breadcrumbs":"default","ocean_breadcrumbs_color":"","ocean_breadcrumbs_separator_color":"","ocean_breadcrumbs_links_color":"","ocean_breadcrumbs_links_hover_color":"","ocean_display_footer_widgets":"default","ocean_display_footer_bottom":"default","ocean_custom_footer_template":"0"},"product_brand":[],"product_cat":[53],"product_tag":[],"class_list":{"0":"post-1039","1":"product","2":"type-product","3":"status-publish","4":"has-post-thumbnail","6":"product_cat-panel","8":"entry","9":"has-media","11":"first","12":"instock","13":"sale","14":"shipping-taxable","15":"purchasable","16":"product-type-simple","17":"has-product-nav","18":"col","19":"span_1_of_3","20":"owp-content-center","21":"owp-thumbs-layout-horizontal","22":"owp-btn-normal","23":"owp-tabs-layout-horizontal"},"yoast_head":"<!-- This site is optimized with the Yoast SEO plugin v26.3 - https:\/\/yoast.com\/wordpress\/plugins\/seo\/ -->\n<title>Paket za skiciranje - A-line<\/title>\n<meta name=\"description\" content=\"A-line Paket za skiciranje Neka Vam va\u0161e ideje i kreacije uvek budu pri ruci! A-line paket za skiciranje uvek mo\u017eete poneti sa sobom!\" \/>\n<meta name=\"robots\" content=\"index, follow, max-snippet:-1, max-image-preview:large, max-video-preview:-1\" \/>\n<link rel=\"canonical\" href=\"https:\/\/www.worldofaline.com\/sr\/proizvod\/paket-za-skiciranje\/\" \/>\n<meta property=\"og:locale\" content=\"sr_RS\" \/>\n<meta property=\"og:type\" content=\"article\" \/>\n<meta property=\"og:title\" content=\"Paket za skiciranje - A-line\" \/>\n<meta property=\"og:description\" content=\"A-line Paket za skiciranje Neka Vam va\u0161e ideje i kreacije uvek budu pri ruci! A-line paket za skiciranje uvek mo\u017eete poneti sa sobom!\" \/>\n<meta property=\"og:url\" content=\"https:\/\/www.worldofaline.com\/sr\/proizvod\/paket-za-skiciranje\/\" \/>\n<meta property=\"og:site_name\" content=\"A-line\" \/>\n<meta property=\"article:modified_time\" content=\"2022-11-21T13:51:26+00:00\" \/>\n<meta property=\"og:image\" content=\"https:\/\/www.worldofaline.com\/wp-content\/uploads\/2019\/06\/panel_1.jpg\" \/>\n\t<meta property=\"og:image:width\" content=\"1920\" \/>\n\t<meta property=\"og:image:height\" content=\"1920\" \/>\n\t<meta property=\"og:image:type\" content=\"image\/jpeg\" \/>\n<meta name=\"twitter:card\" content=\"summary_large_image\" \/>\n<meta name=\"twitter:label1\" content=\"\u041f\u0440\u043e\u0446\u0435\u045a\u0435\u043d\u043e \u0432\u0440\u0435\u043c\u0435 \u0447\u0438\u0442\u0430\u045a\u0430\" \/>\n\t<meta name=\"twitter:data1\" content=\"1 \u043c\u0438\u043d\u0443\u0442\" \/>\n<script type=\"application\/ld+json\" class=\"yoast-schema-graph\">{\"@context\":\"https:\/\/schema.org\",\"@graph\":[{\"@type\":\"WebPage\",\"@id\":\"https:\/\/www.worldofaline.com\/proizvod\/paket-za-skiciranje\/\",\"url\":\"https:\/\/www.worldofaline.com\/proizvod\/paket-za-skiciranje\/\",\"name\":\"Paket za skiciranje - A-line\",\"isPartOf\":{\"@id\":\"https:\/\/www.worldofaline.com\/#website\"},\"primaryImageOfPage\":{\"@id\":\"https:\/\/www.worldofaline.com\/proizvod\/paket-za-skiciranje\/#primaryimage\"},\"image\":{\"@id\":\"https:\/\/www.worldofaline.com\/proizvod\/paket-za-skiciranje\/#primaryimage\"},\"thumbnailUrl\":\"https:\/\/www.worldofaline.com\/wp-content\/uploads\/2019\/06\/panel_1.jpg\",\"datePublished\":\"2019-06-30T17:39:43+00:00\",\"dateModified\":\"2022-11-21T13:51:26+00:00\",\"description\":\"A-line Paket za skiciranje Neka Vam va\u0161e ideje i kreacije uvek budu pri ruci! A-line paket za skiciranje uvek mo\u017eete poneti sa sobom!\",\"breadcrumb\":{\"@id\":\"https:\/\/www.worldofaline.com\/proizvod\/paket-za-skiciranje\/#breadcrumb\"},\"inLanguage\":\"sr-RS\",\"potentialAction\":[{\"@type\":\"ReadAction\",\"target\":[\"https:\/\/www.worldofaline.com\/proizvod\/paket-za-skiciranje\/\"]}]},{\"@type\":\"ImageObject\",\"inLanguage\":\"sr-RS\",\"@id\":\"https:\/\/www.worldofaline.com\/proizvod\/paket-za-skiciranje\/#primaryimage\",\"url\":\"https:\/\/www.worldofaline.com\/wp-content\/uploads\/2019\/06\/panel_1.jpg\",\"contentUrl\":\"https:\/\/www.worldofaline.com\/wp-content\/uploads\/2019\/06\/panel_1.jpg\",\"width\":1920,\"height\":1920},{\"@type\":\"BreadcrumbList\",\"@id\":\"https:\/\/www.worldofaline.com\/proizvod\/paket-za-skiciranje\/#breadcrumb\",\"itemListElement\":[{\"@type\":\"ListItem\",\"position\":1,\"name\":\"Home\",\"item\":\"https:\/\/www.worldofaline.com\/\"},{\"@type\":\"ListItem\",\"position\":2,\"name\":\"Prodavnica\",\"item\":\"https:\/\/www.worldofaline.com\/prodavnica\/\"},{\"@type\":\"ListItem\",\"position\":3,\"name\":\"Paket za skiciranje\"}]},{\"@type\":\"WebSite\",\"@id\":\"https:\/\/www.worldofaline.com\/#website\",\"url\":\"https:\/\/www.worldofaline.com\/\",\"name\":\"A-line\",\"description\":\"\",\"publisher\":{\"@id\":\"https:\/\/www.worldofaline.com\/#organization\"},\"potentialAction\":[{\"@type\":\"SearchAction\",\"target\":{\"@type\":\"EntryPoint\",\"urlTemplate\":\"https:\/\/www.worldofaline.com\/?s={search_term_string}\"},\"query-input\":{\"@type\":\"PropertyValueSpecification\",\"valueRequired\":true,\"valueName\":\"search_term_string\"}}],\"inLanguage\":\"sr-RS\"},{\"@type\":\"Organization\",\"@id\":\"https:\/\/www.worldofaline.com\/#organization\",\"name\":\"A-line\",\"url\":\"https:\/\/www.worldofaline.com\/\",\"logo\":{\"@type\":\"ImageObject\",\"inLanguage\":\"sr-RS\",\"@id\":\"https:\/\/www.worldofaline.com\/#\/schema\/logo\/image\/\",\"url\":\"https:\/\/www.worldofaline.com\/wp-content\/uploads\/2021\/11\/cropped-output-onlinepngtools.png\",\"contentUrl\":\"https:\/\/www.worldofaline.com\/wp-content\/uploads\/2021\/11\/cropped-output-onlinepngtools.png\",\"width\":487,\"height\":294,\"caption\":\"A-line\"},\"image\":{\"@id\":\"https:\/\/www.worldofaline.com\/#\/schema\/logo\/image\/\"}}]}<\/script>\n<!-- \/ Yoast SEO plugin. -->","yoast_head_json":{"title":"Paket za skiciranje - A-line","description":"A-line Paket za skiciranje Neka Vam va\u0161e ideje i kreacije uvek budu pri ruci! A-line paket za skiciranje uvek mo\u017eete poneti sa sobom!","robots":{"index":"index","follow":"follow","max-snippet":"max-snippet:-1","max-image-preview":"max-image-preview:large","max-video-preview":"max-video-preview:-1"},"canonical":"https:\/\/www.worldofaline.com\/sr\/proizvod\/paket-za-skiciranje\/","og_locale":"sr_RS","og_type":"article","og_title":"Paket za skiciranje - A-line","og_description":"A-line Paket za skiciranje Neka Vam va\u0161e ideje i kreacije uvek budu pri ruci! A-line paket za skiciranje uvek mo\u017eete poneti sa sobom!","og_url":"https:\/\/www.worldofaline.com\/sr\/proizvod\/paket-za-skiciranje\/","og_site_name":"A-line","article_modified_time":"2022-11-21T13:51:26+00:00","og_image":[{"width":1920,"height":1920,"url":"https:\/\/www.worldofaline.com\/wp-content\/uploads\/2019\/06\/panel_1.jpg","type":"image\/jpeg"}],"twitter_card":"summary_large_image","twitter_misc":{"\u041f\u0440\u043e\u0446\u0435\u045a\u0435\u043d\u043e \u0432\u0440\u0435\u043c\u0435 \u0447\u0438\u0442\u0430\u045a\u0430":"1 \u043c\u0438\u043d\u0443\u0442"},"schema":{"@context":"https:\/\/schema.org","@graph":[{"@type":"WebPage","@id":"https:\/\/www.worldofaline.com\/proizvod\/paket-za-skiciranje\/","url":"https:\/\/www.worldofaline.com\/proizvod\/paket-za-skiciranje\/","name":"Paket za skiciranje - A-line","isPartOf":{"@id":"https:\/\/www.worldofaline.com\/#website"},"primaryImageOfPage":{"@id":"https:\/\/www.worldofaline.com\/proizvod\/paket-za-skiciranje\/#primaryimage"},"image":{"@id":"https:\/\/www.worldofaline.com\/proizvod\/paket-za-skiciranje\/#primaryimage"},"thumbnailUrl":"https:\/\/www.worldofaline.com\/wp-content\/uploads\/2019\/06\/panel_1.jpg","datePublished":"2019-06-30T17:39:43+00:00","dateModified":"2022-11-21T13:51:26+00:00","description":"A-line Paket za skiciranje Neka Vam va\u0161e ideje i kreacije uvek budu pri ruci! A-line paket za skiciranje uvek mo\u017eete poneti sa sobom!","breadcrumb":{"@id":"https:\/\/www.worldofaline.com\/proizvod\/paket-za-skiciranje\/#breadcrumb"},"inLanguage":"sr-RS","potentialAction":[{"@type":"ReadAction","target":["https:\/\/www.worldofaline.com\/proizvod\/paket-za-skiciranje\/"]}]},{"@type":"ImageObject","inLanguage":"sr-RS","@id":"https:\/\/www.worldofaline.com\/proizvod\/paket-za-skiciranje\/#primaryimage","url":"https:\/\/www.worldofaline.com\/wp-content\/uploads\/2019\/06\/panel_1.jpg","contentUrl":"https:\/\/www.worldofaline.com\/wp-content\/uploads\/2019\/06\/panel_1.jpg","width":1920,"height":1920},{"@type":"BreadcrumbList","@id":"https:\/\/www.worldofaline.com\/proizvod\/paket-za-skiciranje\/#breadcrumb","itemListElement":[{"@type":"ListItem","position":1,"name":"Home","item":"https:\/\/www.worldofaline.com\/"},{"@type":"ListItem","position":2,"name":"Prodavnica","item":"https:\/\/www.worldofaline.com\/prodavnica\/"},{"@type":"ListItem","position":3,"name":"Paket za skiciranje"}]},{"@type":"WebSite","@id":"https:\/\/www.worldofaline.com\/#website","url":"https:\/\/www.worldofaline.com\/","name":"A-line","description":"","publisher":{"@id":"https:\/\/www.worldofaline.com\/#organization"},"potentialAction":[{"@type":"SearchAction","target":{"@type":"EntryPoint","urlTemplate":"https:\/\/www.worldofaline.com\/?s={search_term_string}"},"query-input":{"@type":"PropertyValueSpecification","valueRequired":true,"valueName":"search_term_string"}}],"inLanguage":"sr-RS"},{"@type":"Organization","@id":"https:\/\/www.worldofaline.com\/#organization","name":"A-line","url":"https:\/\/www.worldofaline.com\/","logo":{"@type":"ImageObject","inLanguage":"sr-RS","@id":"https:\/\/www.worldofaline.com\/#\/schema\/logo\/image\/","url":"https:\/\/www.worldofaline.com\/wp-content\/uploads\/2021\/11\/cropped-output-onlinepngtools.png","contentUrl":"https:\/\/www.worldofaline.com\/wp-content\/uploads\/2021\/11\/cropped-output-onlinepngtools.png","width":487,"height":294,"caption":"A-line"},"image":{"@id":"https:\/\/www.worldofaline.com\/#\/schema\/logo\/image\/"}}]}},"_links":{"self":[{"href":"https:\/\/www.worldofaline.com\/sr\/wp-json\/wp\/v2\/product\/1039","targetHints":{"allow":["GET"]}}],"collection":[{"href":"https:\/\/www.worldofaline.com\/sr\/wp-json\/wp\/v2\/product"}],"about":[{"href":"https:\/\/www.worldofaline.com\/sr\/wp-json\/wp\/v2\/types\/product"}],"version-history":[{"count":20,"href":"https:\/\/www.worldofaline.com\/sr\/wp-json\/wp\/v2\/product\/1039\/revisions"}],"predecessor-version":[{"id":2331,"href":"https:\/\/www.worldofaline.com\/sr\/wp-json\/wp\/v2\/product\/1039\/revisions\/2331"}],"wp:featuredmedia":[{"embeddable":true,"href":"https:\/\/www.worldofaline.com\/sr\/wp-json\/wp\/v2\/media\/977"}],"wp:attachment":[{"href":"https:\/\/www.worldofaline.com\/sr\/wp-json\/wp\/v2\/media?parent=1039"}],"wp:term":[{"taxonomy":"product_brand","embeddable":true,"href":"https:\/\/www.worldofaline.com\/sr\/wp-json\/wp\/v2\/product_brand?post=1039"},{"taxonomy":"product_cat","embeddable":true,"href":"https:\/\/www.worldofaline.com\/sr\/wp-json\/wp\/v2\/product_cat?post=1039"},{"taxonomy":"product_tag","embeddable":true,"href":"https:\/\/www.worldofaline.com\/sr\/wp-json\/wp\/v2\/product_tag?post=1039"}],"curies":[{"name":"wp","href":"https:\/\/api.w.org\/{rel}","templated":true}]}}